{"id":12,"date":"2020-07-06T08:00:23","date_gmt":"2020-07-06T08:00:23","guid":{"rendered":"http:\/\/35.177.63.240\/?page_id=12"},"modified":"2024-07-02T10:34:51","modified_gmt":"2024-07-02T07:34:51","slug":"kummitustalon-hunaja","status":"publish","type":"page","link":"https:\/\/kummitustalo.fi\/?page_id=12","title":{"rendered":"Kummitustalon hunaja"},"content":{"rendered":"\n<p>Hei. Olemme Sanna ja Kai Lavila Tuurista. Hoidamme mehil\u00e4iset, ker\u00e4\u00e4mme hunajat ja pakkaamme tuotteet itse k\u00e4sin. Emme k\u00e4sittele hunajaa mitenk\u00e4\u00e4n, siivil\u00f6imme ainoastaan mahdolliset roskat linkous- ja purkitusvaiheessa. Mehil\u00e4isten el\u00e4m\u00e4n seuraaminen ja siihen mahdollisimman v\u00e4h\u00e4n puuttuminen on harrastuksemme.<\/p>\n\n\n\n<p><\/p>\n\n\n\n<p>Kummitustalon Hunaja on ker\u00e4tty Tuurin l\u00e4hialueelta kukkakedoilta, metsist\u00e4, puutarhoista ja pelloilta.<\/p>\n\n\n\n<p>Myymme hunajan metallikansisissa lasipurkeissa, jotka voit k\u00e4ytt\u00e4\u00e4 uudelleen tai kierr\u00e4tt\u00e4\u00e4 helposti. Kilon \u00e4mp\u00e4rit ovat kannellisia muovipurkkeja.<\/p>\n\n\n\n<p>Hunaja myyd\u00e4\u00e4n suoramyyntin\u00e4 Tuurista, Saurakalliontie 36.<br>Tilaukset <a href=\"mailto:kai@lavilat.com\">kai@lavilat.com<\/a> tai 040-7737738.<\/p>\n\n\n\n<p><strong>Hinnasto:<\/strong><br><a href=\"https:\/\/kummitustalo.fi\/?page_id=227\">Saurakallio<\/a> &#8211; 7 e \/ 350 g, 18 e \/ 1 000 g<br><a href=\"https:\/\/kummitustalo.fi\/?page_id=14\">Korpi<\/a> &#8211; 7 e \/ 350 g<br><a href=\"https:\/\/kummitustalo.fi\/?page_id=15\">Hakoj\u00e4rvi<\/a> &#8211; 7 e \/ 350 g<\/p>\n\n\n\n<figure class=\"wp-block-image size-large\"><img loading=\"lazy\" width=\"720\" height=\"960\" src=\"http:\/\/3.9.50.79\/wp-content\/uploads\/2020\/07\/101525260_577712392930852_7422881530959977385_o.jpg\" alt=\"\" class=\"wp-image-95\" srcset=\"https:\/\/kummitustalo.fi\/wp-content\/uploads\/2020\/07\/101525260_577712392930852_7422881530959977385_o.jpg 720w, https:\/\/kummitustalo.fi\/wp-content\/uploads\/2020\/07\/101525260_577712392930852_7422881530959977385_o-225x300.jpg 225w, https:\/\/kummitustalo.fi\/wp-content\/uploads\/2020\/07\/101525260_577712392930852_7422881530959977385_o-700x933.jpg 700w, https:\/\/kummitustalo.fi\/wp-content\/uploads\/2020\/07\/101525260_577712392930852_7422881530959977385_o-300x400.jpg 300w\" sizes=\"(max-width: 720px) 100vw, 720px\" \/><figcaption>Mehil\u00e4istenhoitoa jo nelj\u00e4nness\u00e4 polvessa.<\/figcaption><\/figure>\n\n\n\n<figure class=\"wp-block-image size-large\"><img loading=\"lazy\" width=\"720\" height=\"961\" src=\"http:\/\/3.9.50.79\/wp-content\/uploads\/2020\/07\/105397440_716085159193328_6628053505085255819_o.jpg\" alt=\"\" class=\"wp-image-82\" srcset=\"https:\/\/kummitustalo.fi\/wp-content\/uploads\/2020\/07\/105397440_716085159193328_6628053505085255819_o.jpg 720w, https:\/\/kummitustalo.fi\/wp-content\/uploads\/2020\/07\/105397440_716085159193328_6628053505085255819_o-225x300.jpg 225w, https:\/\/kummitustalo.fi\/wp-content\/uploads\/2020\/07\/105397440_716085159193328_6628053505085255819_o-700x934.jpg 700w, https:\/\/kummitustalo.fi\/wp-content\/uploads\/2020\/07\/105397440_716085159193328_6628053505085255819_o-300x400.jpg 300w\" sizes=\"(max-width: 720px) 100vw, 720px\" \/><figcaption>Kennohunajaa alkukes\u00e4lt\u00e4 2020.<\/figcaption><\/figure>\n\n\n\n<figure class=\"wp-block-image size-large\"><img loading=\"lazy\" width=\"1024\" height=\"888\" src=\"http:\/\/3.9.50.79\/wp-content\/uploads\/2020\/07\/67541998_473304990138014_7314703358084775936_o-1024x888.jpg\" alt=\"\" class=\"wp-image-89\" srcset=\"https:\/\/kummitustalo.fi\/wp-content\/uploads\/2020\/07\/67541998_473304990138014_7314703358084775936_o-1024x888.jpg 1024w, https:\/\/kummitustalo.fi\/wp-content\/uploads\/2020\/07\/67541998_473304990138014_7314703358084775936_o-300x260.jpg 300w, https:\/\/kummitustalo.fi\/wp-content\/uploads\/2020\/07\/67541998_473304990138014_7314703358084775936_o-768x666.jpg 768w, https:\/\/kummitustalo.fi\/wp-content\/uploads\/2020\/07\/67541998_473304990138014_7314703358084775936_o-1536x1332.jpg 1536w, https:\/\/kummitustalo.fi\/wp-content\/uploads\/2020\/07\/67541998_473304990138014_7314703358084775936_o-700x607.jpg 700w, https:\/\/kummitustalo.fi\/wp-content\/uploads\/2020\/07\/67541998_473304990138014_7314703358084775936_o-461x400.jpg 461w, https:\/\/kummitustalo.fi\/wp-content\/uploads\/2020\/07\/67541998_473304990138014_7314703358084775936_o.jpg 1716w\" sizes=\"(max-width: 1024px) 100vw, 1024px\" \/><figcaption>Vuoden 2019 satoa.<\/figcaption><\/figure>\n","protected":false},"excerpt":{"rendered":"<p>Hei. Olemme Sanna ja Kai Lavila Tuurista. Hoidamme mehil\u00e4iset, ker\u00e4\u00e4mme hunajat ja pakkaamme tuotteet itse k\u00e4sin. Emme k\u00e4sittele hunajaa mitenk\u00e4\u00e4n, siivil\u00f6imme ainoastaan mahdolliset roskat linkous- ja purkitusvaiheessa. Mehil\u00e4isten el\u00e4m\u00e4n seuraaminen ja siihen mahdollisimman v\u00e4h\u00e4n puuttuminen on harrastuksemme. Kummitustalon Hunaja on ker\u00e4tty Tuurin l\u00e4hialueelta kukkakedoilta, metsist\u00e4, puutarhoista ja pelloilta. Myymme hunajan metallikansisissa lasipurkeissa, jotka voit k\u00e4ytt\u00e4\u00e4 &hellip; <a href=\"https:\/\/kummitustalo.fi\/?page_id=12\" class=\"more-link\">Continue reading <span class=\"screen-reader-text\">Kummitustalon hunaja<\/span> <span class=\"meta-nav\">&rarr;<\/span><\/a><\/p>\n","protected":false},"author":1,"featured_media":0,"parent":0,"menu_order":0,"comment_status":"closed","ping_status":"closed","template":"","meta":{"ngg_post_thumbnail":0,"spay_email":""},"jetpack_sharing_enabled":true,"jetpack_likes_enabled":false,"_links":{"self":[{"href":"https:\/\/kummitustalo.fi\/index.php?rest_route=\/wp\/v2\/pages\/12"}],"collection":[{"href":"https:\/\/kummitustalo.fi\/index.php?rest_route=\/wp\/v2\/pages"}],"about":[{"href":"https:\/\/kummitustalo.fi\/index.php?rest_route=\/wp\/v2\/types\/page"}],"author":[{"embeddable":true,"href":"https:\/\/kummitustalo.fi\/index.php?rest_route=\/wp\/v2\/users\/1"}],"replies":[{"embeddable":true,"href":"https:\/\/kummitustalo.fi\/index.php?rest_route=%2Fwp%2Fv2%2Fcomments&post=12"}],"version-history":[{"count":22,"href":"https:\/\/kummitustalo.fi\/index.php?rest_route=\/wp\/v2\/pages\/12\/revisions"}],"predecessor-version":[{"id":282,"href":"https:\/\/kummitustalo.fi\/index.php?rest_route=\/wp\/v2\/pages\/12\/revisions\/282"}],"wp:attachment":[{"href":"https:\/\/kummitustalo.fi\/index.php?rest_route=%2Fwp%2Fv2%2Fmedia&parent=12"}],"curies":[{"name":"wp","href":"https:\/\/api.w.org\/{rel}","templated":true}]}}