{"id":13,"date":"2020-07-06T08:00:23","date_gmt":"2020-07-06T08:00:23","guid":{"rendered":"http:\/\/35.177.63.240\/?page_id=13"},"modified":"2024-07-02T10:36:41","modified_gmt":"2024-07-02T07:36:41","slug":"juhannus","status":"publish","type":"page","link":"https:\/\/kummitustalo.fi\/?page_id=13","title":{"rendered":"Juhannus"},"content":{"rendered":"\n<p>Alkukes\u00e4n hunaja. Paksuhko, voinen, t\u00e4ytel\u00e4inen. Mukana on Tuurin seudun voikukkaa, pajua ja muita alkukes\u00e4n kukkia ja puutarhakasveja.<\/p>\n\n\n\n<figure class=\"wp-block-image size-large\"><img loading=\"lazy\" width=\"1024\" height=\"768\" src=\"http:\/\/35.177.63.240\/wp-content\/uploads\/2020\/07\/106508430_593136838055074_6343263740842799699_o-1024x768.jpg\" alt=\"Kummitustalon Juhannushunaja\" class=\"wp-image-52\" srcset=\"https:\/\/kummitustalo.fi\/wp-content\/uploads\/2020\/07\/106508430_593136838055074_6343263740842799699_o-1024x768.jpg 1024w, https:\/\/kummitustalo.fi\/wp-content\/uploads\/2020\/07\/106508430_593136838055074_6343263740842799699_o-300x225.jpg 300w, https:\/\/kummitustalo.fi\/wp-content\/uploads\/2020\/07\/106508430_593136838055074_6343263740842799699_o-768x576.jpg 768w, https:\/\/kummitustalo.fi\/wp-content\/uploads\/2020\/07\/106508430_593136838055074_6343263740842799699_o-1536x1152.jpg 1536w, https:\/\/kummitustalo.fi\/wp-content\/uploads\/2020\/07\/106508430_593136838055074_6343263740842799699_o-700x525.jpg 700w, https:\/\/kummitustalo.fi\/wp-content\/uploads\/2020\/07\/106508430_593136838055074_6343263740842799699_o-2000x1500.jpg 2000w, https:\/\/kummitustalo.fi\/wp-content\/uploads\/2020\/07\/106508430_593136838055074_6343263740842799699_o-533x400.jpg 533w, https:\/\/kummitustalo.fi\/wp-content\/uploads\/2020\/07\/106508430_593136838055074_6343263740842799699_o.jpg 2048w\" sizes=\"(max-width: 1024px) 100vw, 1024px\" \/><figcaption>Kummitustalon Juhannushunaja 7 e \/ 350 g (20 e \/ kg)<\/figcaption><\/figure>\n","protected":false},"excerpt":{"rendered":"<p>Alkukes\u00e4n hunaja. Paksuhko, voinen, t\u00e4ytel\u00e4inen. Mukana on Tuurin seudun voikukkaa, pajua ja muita alkukes\u00e4n kukkia ja puutarhakasveja.<\/p>\n","protected":false},"author":1,"featured_media":0,"parent":0,"menu_order":0,"comment_status":"closed","ping_status":"closed","template":"","meta":{"ngg_post_thumbnail":0,"spay_email":""},"jetpack_sharing_enabled":true,"jetpack_likes_enabled":false,"_links":{"self":[{"href":"https:\/\/kummitustalo.fi\/index.php?rest_route=\/wp\/v2\/pages\/13"}],"collection":[{"href":"https:\/\/kummitustalo.fi\/index.php?rest_route=\/wp\/v2\/pages"}],"about":[{"href":"https:\/\/kummitustalo.fi\/index.php?rest_route=\/wp\/v2\/types\/page"}],"author":[{"embeddable":true,"href":"https:\/\/kummitustalo.fi\/index.php?rest_route=\/wp\/v2\/users\/1"}],"replies":[{"embeddable":true,"href":"https:\/\/kummitustalo.fi\/index.php?rest_route=%2Fwp%2Fv2%2Fcomments&post=13"}],"version-history":[{"count":7,"href":"https:\/\/kummitustalo.fi\/index.php?rest_route=\/wp\/v2\/pages\/13\/revisions"}],"predecessor-version":[{"id":284,"href":"https:\/\/kummitustalo.fi\/index.php?rest_route=\/wp\/v2\/pages\/13\/revisions\/284"}],"wp:attachment":[{"href":"https:\/\/kummitustalo.fi\/index.php?rest_route=%2Fwp%2Fv2%2Fmedia&parent=13"}],"curies":[{"name":"wp","href":"https:\/\/api.w.org\/{rel}","templated":true}]}}