{"id":16,"date":"2020-07-06T08:00:23","date_gmt":"2020-07-06T08:00:23","guid":{"rendered":"http:\/\/35.177.63.240\/?page_id=16"},"modified":"2020-07-08T14:28:48","modified_gmt":"2020-07-08T11:28:48","slug":"taidegalleria","status":"publish","type":"page","link":"https:\/\/kummitustalo.fi\/?page_id=16","title":{"rendered":"Taidegalleria"},"content":{"rendered":"\n<p>Kummitustalossa j\u00e4rjestet\u00e4\u00e4n s\u00e4\u00e4nn\u00f6llisesti yleis\u00f6lle avoimia taiden\u00e4yttelyit\u00e4 ja tapahtumia. N\u00e4yttelyihin on vapaa p\u00e4\u00e4sy.<\/p>\n\n\n\n<figure class=\"wp-block-image size-large\"><img loading=\"lazy\" width=\"960\" height=\"923\" src=\"http:\/\/3.9.50.79\/wp-content\/uploads\/2020\/07\/66004537_461645477970632_4174771038493605888_o.jpg\" alt=\"\" class=\"wp-image-101\" srcset=\"https:\/\/kummitustalo.fi\/wp-content\/uploads\/2020\/07\/66004537_461645477970632_4174771038493605888_o.jpg 960w, https:\/\/kummitustalo.fi\/wp-content\/uploads\/2020\/07\/66004537_461645477970632_4174771038493605888_o-300x288.jpg 300w, https:\/\/kummitustalo.fi\/wp-content\/uploads\/2020\/07\/66004537_461645477970632_4174771038493605888_o-768x738.jpg 768w, https:\/\/kummitustalo.fi\/wp-content\/uploads\/2020\/07\/66004537_461645477970632_4174771038493605888_o-700x673.jpg 700w, https:\/\/kummitustalo.fi\/wp-content\/uploads\/2020\/07\/66004537_461645477970632_4174771038493605888_o-416x400.jpg 416w\" sizes=\"(max-width: 960px) 100vw, 960px\" \/><\/figure>\n","protected":false},"excerpt":{"rendered":"<p>Kummitustalossa j\u00e4rjestet\u00e4\u00e4n s\u00e4\u00e4nn\u00f6llisesti yleis\u00f6lle avoimia taiden\u00e4yttelyit\u00e4 ja tapahtumia. N\u00e4yttelyihin on vapaa p\u00e4\u00e4sy.<\/p>\n","protected":false},"author":1,"featured_media":0,"parent":0,"menu_order":0,"comment_status":"closed","ping_status":"closed","template":"","meta":{"ngg_post_thumbnail":0,"spay_email":""},"jetpack_sharing_enabled":true,"jetpack_likes_enabled":false,"_links":{"self":[{"href":"https:\/\/kummitustalo.fi\/index.php?rest_route=\/wp\/v2\/pages\/16"}],"collection":[{"href":"https:\/\/kummitustalo.fi\/index.php?rest_route=\/wp\/v2\/pages"}],"about":[{"href":"https:\/\/kummitustalo.fi\/index.php?rest_route=\/wp\/v2\/types\/page"}],"author":[{"embeddable":true,"href":"https:\/\/kummitustalo.fi\/index.php?rest_route=\/wp\/v2\/users\/1"}],"replies":[{"embeddable":true,"href":"https:\/\/kummitustalo.fi\/index.php?rest_route=%2Fwp%2Fv2%2Fcomments&post=16"}],"version-history":[{"count":6,"href":"https:\/\/kummitustalo.fi\/index.php?rest_route=\/wp\/v2\/pages\/16\/revisions"}],"predecessor-version":[{"id":156,"href":"https:\/\/kummitustalo.fi\/index.php?rest_route=\/wp\/v2\/pages\/16\/revisions\/156"}],"wp:attachment":[{"href":"https:\/\/kummitustalo.fi\/index.php?rest_route=%2Fwp%2Fv2%2Fmedia&parent=16"}],"curies":[{"name":"wp","href":"https:\/\/api.w.org\/{rel}","templated":true}]}}