{"id":56,"date":"2020-07-06T08:10:46","date_gmt":"2020-07-06T08:10:46","guid":{"rendered":"http:\/\/35.177.63.240\/?page_id=56"},"modified":"2024-08-16T12:40:15","modified_gmt":"2024-08-16T09:40:15","slug":"etusivu","status":"publish","type":"page","link":"https:\/\/kummitustalo.fi\/","title":{"rendered":"Etusivu"},"content":{"rendered":"\n<p>Kummitustalo on v. 1937 rakennettu hirsitalo, joka on siirretty Tuuriin 2014 taidegalleriaksi ja tapahtumatiloiksi.<\/p>\n\n\n\n<p>Kummitustalon Hunaja on tuurilaista l\u00e4hihunajaa korvesta ja kedoilta.<\/p>\n\n\n\n<h2>Uutiset<\/h2>\n\n\n\n<p>16.8.2024 &#8211; Vuoden 2024 Kummitustalon hunajasato on nyt ker\u00e4tty ja linkoaminen on k\u00e4ynniss\u00e4. Tilaukset Kai Lavila, 040-7737738<\/p>\n\n\n\n<figure class=\"wp-block-image size-large\"><img loading=\"lazy\" width=\"1024\" height=\"768\" src=\"http:\/\/3.9.50.79\/wp-content\/uploads\/2020\/07\/49168136_354733831995131_7821962089781526528_o-1024x768.jpg\" alt=\"\" class=\"wp-image-91\" srcset=\"https:\/\/kummitustalo.fi\/wp-content\/uploads\/2020\/07\/49168136_354733831995131_7821962089781526528_o-1024x768.jpg 1024w, https:\/\/kummitustalo.fi\/wp-content\/uploads\/2020\/07\/49168136_354733831995131_7821962089781526528_o-300x225.jpg 300w, https:\/\/kummitustalo.fi\/wp-content\/uploads\/2020\/07\/49168136_354733831995131_7821962089781526528_o-768x576.jpg 768w, https:\/\/kummitustalo.fi\/wp-content\/uploads\/2020\/07\/49168136_354733831995131_7821962089781526528_o-1536x1152.jpg 1536w, https:\/\/kummitustalo.fi\/wp-content\/uploads\/2020\/07\/49168136_354733831995131_7821962089781526528_o-700x525.jpg 700w, https:\/\/kummitustalo.fi\/wp-content\/uploads\/2020\/07\/49168136_354733831995131_7821962089781526528_o-2000x1500.jpg 2000w, https:\/\/kummitustalo.fi\/wp-content\/uploads\/2020\/07\/49168136_354733831995131_7821962089781526528_o-533x400.jpg 533w, https:\/\/kummitustalo.fi\/wp-content\/uploads\/2020\/07\/49168136_354733831995131_7821962089781526528_o.jpg 2048w\" sizes=\"(max-width: 1024px) 100vw, 1024px\" \/><\/figure>\n","protected":false},"excerpt":{"rendered":"<p>Kummitustalo on v. 1937 rakennettu hirsitalo, joka on siirretty Tuuriin 2014 taidegalleriaksi ja tapahtumatiloiksi. Kummitustalon Hunaja on tuurilaista l\u00e4hihunajaa korvesta ja kedoilta. Uutiset 16.8.2024 &#8211; Vuoden 2024 Kummitustalon hunajasato on nyt ker\u00e4tty ja linkoaminen on k\u00e4ynniss\u00e4. Tilaukset Kai Lavila, 040-7737738<\/p>\n","protected":false},"author":1,"featured_media":0,"parent":0,"menu_order":0,"comment_status":"closed","ping_status":"closed","template":"","meta":{"ngg_post_thumbnail":0,"spay_email":""},"jetpack_sharing_enabled":true,"jetpack_likes_enabled":false,"_links":{"self":[{"href":"https:\/\/kummitustalo.fi\/index.php?rest_route=\/wp\/v2\/pages\/56"}],"collection":[{"href":"https:\/\/kummitustalo.fi\/index.php?rest_route=\/wp\/v2\/pages"}],"about":[{"href":"https:\/\/kummitustalo.fi\/index.php?rest_route=\/wp\/v2\/types\/page"}],"author":[{"embeddable":true,"href":"https:\/\/kummitustalo.fi\/index.php?rest_route=\/wp\/v2\/users\/1"}],"replies":[{"embeddable":true,"href":"https:\/\/kummitustalo.fi\/index.php?rest_route=%2Fwp%2Fv2%2Fcomments&post=56"}],"version-history":[{"count":18,"href":"https:\/\/kummitustalo.fi\/index.php?rest_route=\/wp\/v2\/pages\/56\/revisions"}],"predecessor-version":[{"id":290,"href":"https:\/\/kummitustalo.fi\/index.php?rest_route=\/wp\/v2\/pages\/56\/revisions\/290"}],"wp:attachment":[{"href":"https:\/\/kummitustalo.fi\/index.php?rest_route=%2Fwp%2Fv2%2Fmedia&parent=56"}],"curies":[{"name":"wp","href":"https:\/\/api.w.org\/{rel}","templated":true}]}}